{"id":4075,"date":"2025-11-04T20:07:48","date_gmt":"2025-11-04T20:07:48","guid":{"rendered":"https:\/\/www.essexegyptology.co.uk\/?page_id=4075"},"modified":"2026-01-11T17:36:11","modified_gmt":"2026-01-11T17:36:11","slug":"the-discoveries-in-the-tomb-of-vizier-amen-hotep-huy","status":"publish","type":"page","link":"https:\/\/www.essexegyptology.co.uk\/?page_id=4075","title":{"rendered":"The Discoveries in the Tomb of Vizier Amen-Hotep Huy"},"content":{"rendered":"\n<div class=\"wp-block-columns is-layout-flex wp-container-core-columns-is-layout-28f84493 wp-block-columns-is-layout-flex\">\n<div class=\"wp-block-column is-layout-flow wp-block-column-is-layout-flow\" style=\"flex-basis:33.33%\">\n<figure class=\"wp-block-image size-full\"><a href=\"https:\/\/www.essexegyptology.co.uk\/wp-content\/uploads\/2025\/11\/202512-DEC.jpg\"><img loading=\"lazy\" decoding=\"async\" width=\"600\" height=\"300\" src=\"https:\/\/www.essexegyptology.co.uk\/wp-content\/uploads\/2025\/11\/202512-DEC.jpg\" alt=\"\" class=\"wp-image-4077\" srcset=\"https:\/\/www.essexegyptology.co.uk\/wp-content\/uploads\/2025\/11\/202512-DEC.jpg 600w, https:\/\/www.essexegyptology.co.uk\/wp-content\/uploads\/2025\/11\/202512-DEC-300x150.jpg 300w\" sizes=\"auto, (max-width: 600px) 100vw, 600px\" \/><\/a><\/figure>\n<\/div>\n\n\n\n<div class=\"wp-block-column is-layout-flow wp-block-column-is-layout-flow\" style=\"flex-basis:66.66%\">\n<p>This talk took place at the December 2025 meeting of the Essex Egyptology Group. <\/p>\n\n\n\n<p><a href=\"https:\/\/www.essexegyptology.co.uk\/wp-content\/uploads\/2026\/01\/Review2512.pdf\">Click here to read a meeting review >><\/a><\/p>\n<\/div>\n<\/div>\n\n\n\n<h2 class=\"wp-block-heading\"><\/h2>\n\n\n\n<h2 class=\"wp-block-heading\">Event Information<\/h2>\n\n\n\n<p>For our last talk of 2025, we were joined online by Dr Francisco Martin-Valentin, Director of the Spanish team working on the Assasif, west bank Luxor.<\/p>\n\n\n\n<p>The long coregency between Amen-Hotep III and his successor, Amen-Hotep IV, has been a subject of debate in Egyptology since the late 19th century.<\/p>\n\n\n\n<p>The discoveries made in AT-28 of the Vizier Amen-Hotep Huy at Asasif (western Luxor) are decisive in proposing a new, corrected chronology for the 18th Dynasty.<\/p>\n\n\n\n<p>See website:&nbsp;<a href=\"https:\/\/www.visiramenhotep.es\/\" target=\"_blank\" rel=\"noreferrer noopener\">https:\/\/www.visiramenhotep.es\/<\/a><\/p>\n\n\n\n<p>Dr Francisco Jos\u00e9 Mart\u00edn-Valent\u00edn, was professor of Egyptology in the Master&#8217;s in History and Ancient Literature at the University of Malaga. He is the Director of the Spanish team working on the Assasif at the West Bank of Luxor. In particular, he has directed the work to preserve the tomb of Amen-Hotep Huy, Vizier of South Amen-Hotep III (AT no. -28-. Catalogue of Frederika Kampp). In the Chapel of this Tomb there are inscriptions that demonstrate the long co-regency of Amen-Hotep III with his son Amen-Hotep IV (Akhenaten).<\/p>\n","protected":false},"excerpt":{"rendered":"<p>This talk took place at the December 2025 meeting of the Essex Egyptology Group. Click here to read a meeting review >> Event Information For our last talk of 2025, we were joined online by Dr Francisco Martin-Valentin, Director of the Spanish team working on the Assasif, west bank Luxor. The long coregency between Amen-Hotep [&hellip;]<\/p>\n","protected":false},"author":5,"featured_media":0,"parent":0,"menu_order":0,"comment_status":"closed","ping_status":"closed","template":"","meta":{"footnotes":""},"class_list":["post-4075","page","type-page","status-publish","hentry"],"_links":{"self":[{"href":"https:\/\/www.essexegyptology.co.uk\/index.php?rest_route=\/wp\/v2\/pages\/4075","targetHints":{"allow":["GET"]}}],"collection":[{"href":"https:\/\/www.essexegyptology.co.uk\/index.php?rest_route=\/wp\/v2\/pages"}],"about":[{"href":"https:\/\/www.essexegyptology.co.uk\/index.php?rest_route=\/wp\/v2\/types\/page"}],"author":[{"embeddable":true,"href":"https:\/\/www.essexegyptology.co.uk\/index.php?rest_route=\/wp\/v2\/users\/5"}],"replies":[{"embeddable":true,"href":"https:\/\/www.essexegyptology.co.uk\/index.php?rest_route=%2Fwp%2Fv2%2Fcomments&post=4075"}],"version-history":[{"count":3,"href":"https:\/\/www.essexegyptology.co.uk\/index.php?rest_route=\/wp\/v2\/pages\/4075\/revisions"}],"predecessor-version":[{"id":4144,"href":"https:\/\/www.essexegyptology.co.uk\/index.php?rest_route=\/wp\/v2\/pages\/4075\/revisions\/4144"}],"wp:attachment":[{"href":"https:\/\/www.essexegyptology.co.uk\/index.php?rest_route=%2Fwp%2Fv2%2Fmedia&parent=4075"}],"curies":[{"name":"wp","href":"https:\/\/api.w.org\/{rel}","templated":true}]}}